{"id":5473,"date":"2021-09-18T17:27:39","date_gmt":"2021-09-18T17:27:39","guid":{"rendered":"https:\/\/hernott.de\/?page_id=5473"},"modified":"2021-09-18T18:07:00","modified_gmt":"2021-09-18T18:07:00","slug":"gameboy-spiele-batterie-tauschen","status":"publish","type":"page","link":"https:\/\/hernott.de\/index.php\/gameboy-spiele-batterie-tauschen\/","title":{"rendered":"Gameboy \/ Color Spiele Batterie tauschen"},"content":{"rendered":"\n<p><strong>Ihr wollt die Gameboy Klassiker eurer Jugend nochmal spielen?<\/strong><\/p>\n\n\n\n<p>Sie speichern aber nicht mehr? Dann liegt es voraussichtlich an der Batterie.<\/p>\n\n\n\n<p>Kauft euch dazu im Internet den passenden Schraubenzieher , oder nehmt wie wir einen Bit den ihr mit Isolierband umwickelt \ud83d\ude42 <\/p>\n\n\n\n<div style=\"height:36px\" aria-hidden=\"true\" class=\"wp-block-spacer\"><\/div>\n\n\n\n<figure class=\"wp-block-image size-large is-resized\"><img loading=\"lazy\" decoding=\"async\" src=\"https:\/\/hernott.de\/wp-content\/uploads\/2021\/09\/image-2.png\" alt=\"\" class=\"wp-image-5474\" width=\"195\" height=\"134\" srcset=\"https:\/\/hernott.de\/wp-content\/uploads\/2021\/09\/image-2.png 761w, https:\/\/hernott.de\/wp-content\/uploads\/2021\/09\/image-2-300x206.png 300w\" sizes=\"(max-width: 195px) 100vw, 195px\" \/><\/figure>\n\n\n\n<p>-Schraub die Schraube an der Hinterseite ab:<\/p>\n\n\n\n<figure class=\"wp-block-image size-large is-resized\"><img loading=\"lazy\" decoding=\"async\" src=\"https:\/\/hernott.de\/wp-content\/uploads\/2021\/09\/image-3.png\" alt=\"\" class=\"wp-image-5475\" width=\"219\" height=\"238\" srcset=\"https:\/\/hernott.de\/wp-content\/uploads\/2021\/09\/image-3.png 603w, https:\/\/hernott.de\/wp-content\/uploads\/2021\/09\/image-3-276x300.png 276w\" sizes=\"(max-width: 219px) 100vw, 219px\" \/><\/figure>\n\n\n\n<p>Dr\u00fccke die Vorderseite vorsichtig nach unten und hebt die Platte ab.<\/p>\n\n\n\n<figure class=\"wp-block-image size-large is-resized\"><img loading=\"lazy\" decoding=\"async\" src=\"https:\/\/hernott.de\/wp-content\/uploads\/2021\/09\/image-4.png\" alt=\"\" class=\"wp-image-5476\" width=\"222\" height=\"307\" srcset=\"https:\/\/hernott.de\/wp-content\/uploads\/2021\/09\/image-4.png 546w, https:\/\/hernott.de\/wp-content\/uploads\/2021\/09\/image-4-217x300.png 217w\" sizes=\"(max-width: 222px) 100vw, 222px\" \/><\/figure>\n\n\n\n<p>Nun k\u00f6nnt er die zwei L\u00f6tpunkte mit einem L\u00f6tkolben  erhitzen und die Batterie Rausnehmen. Merkt euch wierum Sie eingebaut war.<\/p>\n\n\n\n<p>Kauft euch im Internet dann die passende Batterie mit vorhanden Fahnen. Diese sind leicht einzul\u00f6ten.<\/p>\n\n\n\n<p>Achtet darauf Sie wieder mit der gleichen Polarit\u00e4t einzul\u00f6ten.<\/p>\n\n\n\n<figure class=\"wp-block-image size-large is-resized\"><img loading=\"lazy\" decoding=\"async\" src=\"https:\/\/hernott.de\/wp-content\/uploads\/2021\/09\/image-5.png\" alt=\"\" class=\"wp-image-5478\" width=\"221\" height=\"265\" srcset=\"https:\/\/hernott.de\/wp-content\/uploads\/2021\/09\/image-5.png 334w, https:\/\/hernott.de\/wp-content\/uploads\/2021\/09\/image-5-250x300.png 250w\" sizes=\"(max-width: 221px) 100vw, 221px\" \/><\/figure>\n\n\n\n<div style=\"height:29px\" aria-hidden=\"true\" class=\"wp-block-spacer\"><\/div>\n\n\n\n<figure class=\"wp-block-image size-large\"><img loading=\"lazy\" decoding=\"async\" width=\"1024\" height=\"472\" src=\"https:\/\/hernott.de\/wp-content\/uploads\/2021\/09\/signal-2021-09-18-190438-1024x472.jpeg\" alt=\"\" class=\"wp-image-5477\" srcset=\"https:\/\/hernott.de\/wp-content\/uploads\/2021\/09\/signal-2021-09-18-190438-1024x472.jpeg 1024w, https:\/\/hernott.de\/wp-content\/uploads\/2021\/09\/signal-2021-09-18-190438-300x138.jpeg 300w, https:\/\/hernott.de\/wp-content\/uploads\/2021\/09\/signal-2021-09-18-190438-768x354.jpeg 768w, https:\/\/hernott.de\/wp-content\/uploads\/2021\/09\/signal-2021-09-18-190438-1536x708.jpeg 1536w, https:\/\/hernott.de\/wp-content\/uploads\/2021\/09\/signal-2021-09-18-190438-2048x944.jpeg 2048w\" sizes=\"(max-width: 1024px) 100vw, 1024px\" \/><\/figure>\n\n\n\n<p>Schraubt dann alles in umgekehrter Reihenfolge wieder zusammen und testet euer Spiel. Euer Spiel sollte nun f\u00fcr die n\u00e4chsten 5 Jahre wieder Speichern. Viel Spa\u00df \ud83d\ude42<\/p>\n\n\n\n<p><\/p>\n","protected":false},"excerpt":{"rendered":"<p>Ihr wollt die Gameboy Klassiker eurer Jugend nochmal spielen? Sie speichern aber nicht mehr? Dann liegt es voraussichtlich an der Batterie. Kauft euch dazu im Internet den passenden Schraubenzieher , oder nehmt wie wir einen Bit den ihr mit Isolierband umwickelt \ud83d\ude42 -Schraub die Schraube an der Hinterseite ab: Dr\u00fccke die Vorderseite vorsichtig nach unten [&hellip;]<\/p>\n","protected":false},"author":1,"featured_media":0,"parent":0,"menu_order":0,"comment_status":"closed","ping_status":"closed","template":"","meta":{"footnotes":""},"class_list":["post-5473","page","type-page","status-publish","hentry","gallery-content-unit"],"_links":{"self":[{"href":"https:\/\/hernott.de\/index.php\/wp-json\/wp\/v2\/pages\/5473"}],"collection":[{"href":"https:\/\/hernott.de\/index.php\/wp-json\/wp\/v2\/pages"}],"about":[{"href":"https:\/\/hernott.de\/index.php\/wp-json\/wp\/v2\/types\/page"}],"author":[{"embeddable":true,"href":"https:\/\/hernott.de\/index.php\/wp-json\/wp\/v2\/users\/1"}],"replies":[{"embeddable":true,"href":"https:\/\/hernott.de\/index.php\/wp-json\/wp\/v2\/comments?post=5473"}],"version-history":[{"count":7,"href":"https:\/\/hernott.de\/index.php\/wp-json\/wp\/v2\/pages\/5473\/revisions"}],"predecessor-version":[{"id":5507,"href":"https:\/\/hernott.de\/index.php\/wp-json\/wp\/v2\/pages\/5473\/revisions\/5507"}],"wp:attachment":[{"href":"https:\/\/hernott.de\/index.php\/wp-json\/wp\/v2\/media?parent=5473"}],"curies":[{"name":"wp","href":"https:\/\/api.w.org\/{rel}","templated":true}]}}