{"id":5413,"date":"2021-09-17T13:36:00","date_gmt":"2021-09-17T13:36:00","guid":{"rendered":"https:\/\/hernott.de\/?page_id=5413"},"modified":"2021-09-17T14:35:53","modified_gmt":"2021-09-17T14:35:53","slug":"playstation-5-speicher-guenstig-erweitern","status":"publish","type":"page","link":"https:\/\/hernott.de\/index.php\/playstation-5-speicher-guenstig-erweitern\/","title":{"rendered":"Playstation 5 Speicher g\u00fcnstig erweitern"},"content":{"rendered":"\n<p><strong>Ihr wollt euren Speicher der Ps5 g\u00fcnstig erweitern<\/strong> ohne eure Konsole \u00f6ffnen zu m\u00fcssen?<\/p>\n\n\n\n<p><strong>Wir haben es wie folgt gemacht:<\/strong><\/p>\n\n\n\n<div style=\"height:29px\" aria-hidden=\"true\" class=\"wp-block-spacer\"><\/div>\n\n\n\n<p>Kauft euch im Fachhandel ein Festplattengeh\u00e4use . Wir haben eines der Firma ICY Box genommen (Achtet darauf das es USB 3.0 unterst\u00fctzt . (Meistens am blauen USB Stecker zu erkennen).<\/p>\n\n\n\n<div style=\"height:28px\" aria-hidden=\"true\" class=\"wp-block-spacer\"><\/div>\n\n\n\n<p>Dazu eine beliebige  2,5 Zoll SSD Festplatte. Wir haben eine g\u00fcnstige der Firma Intenso genommen.<\/p>\n\n\n\n<p>.<\/p>\n\n\n\n<div class=\"wp-block-columns is-layout-flex wp-container-core-columns-is-layout-1 wp-block-columns-is-layout-flex\">\n<div class=\"wp-block-column is-layout-flow wp-block-column-is-layout-flow\">\n<figure class=\"wp-block-image size-large\"><img loading=\"lazy\" decoding=\"async\" width=\"1024\" height=\"1024\" src=\"https:\/\/hernott.de\/wp-content\/uploads\/2021\/09\/large1-1-1024x1024.jpg\" alt=\"\" class=\"wp-image-5416\" srcset=\"https:\/\/hernott.de\/wp-content\/uploads\/2021\/09\/large1-1.jpg 1024w, https:\/\/hernott.de\/wp-content\/uploads\/2021\/09\/large1-1-300x300.jpg 300w, https:\/\/hernott.de\/wp-content\/uploads\/2021\/09\/large1-1-150x150.jpg 150w, https:\/\/hernott.de\/wp-content\/uploads\/2021\/09\/large1-1-768x768.jpg 768w, https:\/\/hernott.de\/wp-content\/uploads\/2021\/09\/large1-1-700x700.jpg 700w, https:\/\/hernott.de\/wp-content\/uploads\/2021\/09\/large1-1-65x65.jpg 65w\" sizes=\"(max-width: 1024px) 100vw, 1024px\" \/><\/figure>\n<\/div>\n\n\n\n<div class=\"wp-block-column is-layout-flow wp-block-column-is-layout-flow\">\n<figure class=\"wp-block-image size-large\"><img loading=\"lazy\" decoding=\"async\" width=\"1006\" height=\"1024\" src=\"https:\/\/hernott.de\/wp-content\/uploads\/2021\/09\/s-l1600-3-1006x1024.jpg\" alt=\"\" class=\"wp-image-5418\" srcset=\"https:\/\/hernott.de\/wp-content\/uploads\/2021\/09\/s-l1600-3-1006x1024.jpg 1006w, https:\/\/hernott.de\/wp-content\/uploads\/2021\/09\/s-l1600-3-295x300.jpg 295w, https:\/\/hernott.de\/wp-content\/uploads\/2021\/09\/s-l1600-3-768x782.jpg 768w, https:\/\/hernott.de\/wp-content\/uploads\/2021\/09\/s-l1600-3-65x65.jpg 65w, https:\/\/hernott.de\/wp-content\/uploads\/2021\/09\/s-l1600-3.jpg 1331w\" sizes=\"(max-width: 1006px) 100vw, 1006px\" \/><\/figure>\n<\/div>\n\n\n\n<div class=\"wp-block-column is-layout-flow wp-block-column-is-layout-flow\">\n<p>Marke:&nbsp;ICY BOX<\/p>\n\n\n\n<p>Modell:&nbsp;externes Geh\u00e4use USB 3.0 f\u00fcr 2,5&#8243; (6,4 cm) SATA Festplatten und SSD&#8217;s<\/p>\n\n\n\n<p>Standard:&nbsp;SATA III (6 Gbps)<\/p>\n\n\n\n<p>Ma\u00dfe:&nbsp;130 x 80 x 16 mm<\/p>\n\n\n\n<div style=\"height:100px\" aria-hidden=\"true\" class=\"wp-block-spacer\"><\/div>\n<\/div>\n<\/div>\n\n\n\n<p>Verbindet die SSD-Platte mit der Icy-Box laut Anleitung. Das sieht dann so aus:<\/p>\n\n\n\n<p><\/p>\n\n\n\n<div class=\"wp-block-columns is-layout-flex wp-container-core-columns-is-layout-2 wp-block-columns-is-layout-flex\">\n<div class=\"wp-block-column is-layout-flow wp-block-column-is-layout-flow\">\n<div class=\"wp-block-image\"><figure class=\"aligncenter size-large is-resized\"><img loading=\"lazy\" decoding=\"async\" src=\"https:\/\/hernott.de\/wp-content\/uploads\/2021\/09\/signal-2021-09-17-163226-768x1024.jpeg\" alt=\"\" class=\"wp-image-5459\" width=\"220\" height=\"293\" srcset=\"https:\/\/hernott.de\/wp-content\/uploads\/2021\/09\/signal-2021-09-17-163226-768x1024.jpeg 768w, https:\/\/hernott.de\/wp-content\/uploads\/2021\/09\/signal-2021-09-17-163226-225x300.jpeg 225w, https:\/\/hernott.de\/wp-content\/uploads\/2021\/09\/signal-2021-09-17-163226-1152x1536.jpeg 1152w, https:\/\/hernott.de\/wp-content\/uploads\/2021\/09\/signal-2021-09-17-163226.jpeg 1536w\" sizes=\"(max-width: 220px) 100vw, 220px\" \/><\/figure><\/div>\n<\/div>\n\n\n\n<div class=\"wp-block-column is-layout-flow wp-block-column-is-layout-flow\">\n<div class=\"wp-block-image\"><figure class=\"aligncenter size-large is-resized\"><img loading=\"lazy\" decoding=\"async\" src=\"https:\/\/hernott.de\/wp-content\/uploads\/2021\/09\/signal-2021-09-17-163221-768x1024.jpeg\" alt=\"\" class=\"wp-image-5460\" width=\"219\" height=\"291\" srcset=\"https:\/\/hernott.de\/wp-content\/uploads\/2021\/09\/signal-2021-09-17-163221-768x1024.jpeg 768w, https:\/\/hernott.de\/wp-content\/uploads\/2021\/09\/signal-2021-09-17-163221-225x300.jpeg 225w, https:\/\/hernott.de\/wp-content\/uploads\/2021\/09\/signal-2021-09-17-163221-1152x1536.jpeg 1152w, https:\/\/hernott.de\/wp-content\/uploads\/2021\/09\/signal-2021-09-17-163221.jpeg 1536w\" sizes=\"(max-width: 219px) 100vw, 219px\" \/><\/figure><\/div>\n<\/div>\n<\/div>\n\n\n\n<p>Dann hinten an den USB -Port der Playstation 5 angeschlossen. Geht in die Einstellungen auf Speicher und dann auf erweiterten Speicher. Formatiert die Platte und Ihr k\u00f6nnt Sie nun nutzen.<\/p>\n\n\n\n<p>Auf der Platte k\u00f6nnt Ihr PS4 Spiele speichern und spielen . Ps5 Spiele k\u00f6nnt Ihr zwischenspeichern aber nicht direkt von der Platte starten.<\/p>\n\n\n\n<p>Viel Erfolg dabei. <\/p>\n","protected":false},"excerpt":{"rendered":"<p>Ihr wollt euren Speicher der Ps5 g\u00fcnstig erweitern ohne eure Konsole \u00f6ffnen zu m\u00fcssen? Wir haben es wie folgt gemacht: Kauft euch im Fachhandel ein Festplattengeh\u00e4use . Wir haben eines der Firma ICY Box genommen (Achtet darauf das es USB 3.0 unterst\u00fctzt . (Meistens am blauen USB Stecker zu erkennen). Dazu eine beliebige 2,5 Zoll [&hellip;]<\/p>\n","protected":false},"author":1,"featured_media":0,"parent":0,"menu_order":0,"comment_status":"closed","ping_status":"closed","template":"","meta":{"footnotes":""},"class_list":["post-5413","page","type-page","status-publish","hentry","gallery-content-unit"],"_links":{"self":[{"href":"https:\/\/hernott.de\/index.php\/wp-json\/wp\/v2\/pages\/5413"}],"collection":[{"href":"https:\/\/hernott.de\/index.php\/wp-json\/wp\/v2\/pages"}],"about":[{"href":"https:\/\/hernott.de\/index.php\/wp-json\/wp\/v2\/types\/page"}],"author":[{"embeddable":true,"href":"https:\/\/hernott.de\/index.php\/wp-json\/wp\/v2\/users\/1"}],"replies":[{"embeddable":true,"href":"https:\/\/hernott.de\/index.php\/wp-json\/wp\/v2\/comments?post=5413"}],"version-history":[{"count":18,"href":"https:\/\/hernott.de\/index.php\/wp-json\/wp\/v2\/pages\/5413\/revisions"}],"predecessor-version":[{"id":5463,"href":"https:\/\/hernott.de\/index.php\/wp-json\/wp\/v2\/pages\/5413\/revisions\/5463"}],"wp:attachment":[{"href":"https:\/\/hernott.de\/index.php\/wp-json\/wp\/v2\/media?parent=5413"}],"curies":[{"name":"wp","href":"https:\/\/api.w.org\/{rel}","templated":true}]}}