{"id":1685,"date":"2020-02-09T16:10:31","date_gmt":"2020-02-09T16:10:31","guid":{"rendered":"https:\/\/hernott.de\/?page_id=1685"},"modified":"2020-04-26T11:08:54","modified_gmt":"2020-04-26T11:08:54","slug":"kapsch-tosca-2020","status":"publish","type":"page","link":"https:\/\/hernott.de\/index.php\/kapsch-tosca-2020\/","title":{"rendered":"Kapsch Tosca 2020"},"content":{"rendered":"\n<p>2020 h\u00f6ren wir nicht digital sondern mit diesem sch\u00f6nen R\u00f6hrenradio der Firma Kapsch. Alle Kondensatoren und Kritischen Elemente sind gewechselt, das Netzteil \u00fcberholt, der Sound fantastisch. Ein tolles Ger\u00e4t mit Raumklang und stufenloser Klangregelung aus dem Jahr 1955 <\/p>\n\n\n\n<figure class=\"wp-block-image\"><img loading=\"lazy\" decoding=\"async\" width=\"1024\" height=\"768\" src=\"https:\/\/hernott.de\/wp-content\/uploads\/2020\/02\/IMG_20200101_192502-1024x768.jpg\" alt=\"\" class=\"wp-image-1686\" srcset=\"https:\/\/hernott.de\/wp-content\/uploads\/2020\/02\/IMG_20200101_192502-1024x768.jpg 1024w, https:\/\/hernott.de\/wp-content\/uploads\/2020\/02\/IMG_20200101_192502-300x225.jpg 300w, https:\/\/hernott.de\/wp-content\/uploads\/2020\/02\/IMG_20200101_192502-768x576.jpg 768w, https:\/\/hernott.de\/wp-content\/uploads\/2020\/02\/IMG_20200101_192502-375x281.jpg 375w, https:\/\/hernott.de\/wp-content\/uploads\/2020\/02\/IMG_20200101_192502-320x240.jpg 320w\" sizes=\"(max-width: 1024px) 100vw, 1024px\" \/><\/figure>\n\n\n\n<figure class=\"wp-block-image size-large\"><img loading=\"lazy\" decoding=\"async\" width=\"1024\" height=\"472\" src=\"https:\/\/hernott.de\/wp-content\/uploads\/2020\/04\/signal-attachment-2020-04-25-202204_001-3-1024x472-1.jpeg\" alt=\"\" class=\"wp-image-2296\" srcset=\"https:\/\/hernott.de\/wp-content\/uploads\/2020\/04\/signal-attachment-2020-04-25-202204_001-3-1024x472-1.jpeg 1024w, https:\/\/hernott.de\/wp-content\/uploads\/2020\/04\/signal-attachment-2020-04-25-202204_001-3-1024x472-1-300x138.jpeg 300w, https:\/\/hernott.de\/wp-content\/uploads\/2020\/04\/signal-attachment-2020-04-25-202204_001-3-1024x472-1-768x354.jpeg 768w\" sizes=\"(max-width: 1024px) 100vw, 1024px\" \/><\/figure>\n","protected":false},"excerpt":{"rendered":"<p>2020 h\u00f6ren wir nicht digital sondern mit diesem sch\u00f6nen R\u00f6hrenradio der Firma Kapsch. Alle Kondensatoren und Kritischen Elemente sind gewechselt, das Netzteil \u00fcberholt, der Sound fantastisch. Ein tolles Ger\u00e4t mit Raumklang und stufenloser Klangregelung aus dem Jahr 1955<\/p>\n","protected":false},"author":1,"featured_media":0,"parent":0,"menu_order":0,"comment_status":"closed","ping_status":"closed","template":"","meta":{"footnotes":""},"class_list":["post-1685","page","type-page","status-publish","hentry","gallery-content-unit"],"_links":{"self":[{"href":"https:\/\/hernott.de\/index.php\/wp-json\/wp\/v2\/pages\/1685"}],"collection":[{"href":"https:\/\/hernott.de\/index.php\/wp-json\/wp\/v2\/pages"}],"about":[{"href":"https:\/\/hernott.de\/index.php\/wp-json\/wp\/v2\/types\/page"}],"author":[{"embeddable":true,"href":"https:\/\/hernott.de\/index.php\/wp-json\/wp\/v2\/users\/1"}],"replies":[{"embeddable":true,"href":"https:\/\/hernott.de\/index.php\/wp-json\/wp\/v2\/comments?post=1685"}],"version-history":[{"count":3,"href":"https:\/\/hernott.de\/index.php\/wp-json\/wp\/v2\/pages\/1685\/revisions"}],"predecessor-version":[{"id":2298,"href":"https:\/\/hernott.de\/index.php\/wp-json\/wp\/v2\/pages\/1685\/revisions\/2298"}],"wp:attachment":[{"href":"https:\/\/hernott.de\/index.php\/wp-json\/wp\/v2\/media?parent=1685"}],"curies":[{"name":"wp","href":"https:\/\/api.w.org\/{rel}","templated":true}]}}